{"id":2,"date":"2024-08-05T13:05:53","date_gmt":"2024-08-05T13:05:53","guid":{"rendered":"http:\/\/familybiscuits.pt\/?page_id=2"},"modified":"2025-04-07T08:03:07","modified_gmt":"2025-04-07T08:03:07","slug":"advertencia-juridica","status":"publish","type":"page","link":"https:\/\/familybiscuits.pt\/es\/advertencia-juridica\/","title":{"rendered":"Advert\u00eancia jur\u00eddica e condi\u00e7\u00f5es de utiliza\u00e7\u00e3o"},"content":{"rendered":"<div data-elementor-type=\"wp-page\" data-elementor-id=\"2\" class=\"elementor elementor-2\">\n\t\t\t\t<div class=\"elementor-element elementor-element-4ff30b92 e-flex e-con-boxed e-con e-parent\" data-id=\"4ff30b92\" data-element_type=\"container\" data-e-type=\"container\">\n\t\t\t\t\t<div class=\"e-con-inner\">\n\t\t\t\t<div class=\"elementor-element elementor-element-d1bdd69 elementor-widget elementor-widget-heading\" data-id=\"d1bdd69\" data-element_type=\"widget\" data-e-type=\"widget\" data-widget_type=\"heading.default\">\n\t\t\t\t<div class=\"elementor-widget-container\">\n\t\t\t\t\t<h1 class=\"elementor-heading-title elementor-size-default\">Advert\u00eancia jur\u00eddica e condi\u00e7\u00f5es de utiliza\u00e7\u00e3o<\/h1>\t\t\t\t<\/div>\n\t\t\t\t<\/div>\n\t\t\t\t<div class=\"elementor-element elementor-element-44bf8e30 elementor-widget elementor-widget-text-editor\" data-id=\"44bf8e30\" data-element_type=\"widget\" data-e-type=\"widget\" data-widget_type=\"text-editor.default\">\n\t\t\t\t<div class=\"elementor-widget-container\">\n\t\t\t\t\t\t\t\t\t\n<p>Neste espa\u00e7o, o UTILIZADOR poder\u00e1 encontrar todas as informa\u00e7\u00f5es relativas aos termos e condi\u00e7\u00f5es legais que definem a rela\u00e7\u00e3o entre os utilizadores e n\u00f3s, enquanto respons\u00e1veis por este s\u00edtio Web. Como utilizador, \u00e9 importante que conhe\u00e7a estas condi\u00e7\u00f5es antes de continuar a sua navega\u00e7\u00e3o. A F\u00e9lix Gull\u00f3n, como respons\u00e1vel por este site, assume o compromisso de tratar as informa\u00e7\u00f5es dos nossos utilizadores e clientes com todas as garantias e de cumprir os requisitos nacionais e europeus que regulam a recolha e utiliza\u00e7\u00e3o dos dados pessoais dos nossos utilizadores. Este site, portanto, cumpre rigorosamente o RGPD (REGULAMENTO (UE) 2016\/679 sobre prote\u00e7\u00e3o de dados) e a Lei LSSI-CE 34\/2002, de 11 de julho, sobre servi\u00e7os da sociedade da informa\u00e7\u00e3o e com\u00e9rcio eletr\u00f3nico.<\/p>\n\n<h3 class=\"wp-block-heading\">CONDI\u00c7\u00d5ES GERAIS DE UTILIZA\u00c7\u00c3O<\/h3>\n<p>As presentes Condi\u00e7\u00f5es Gerais regulam a utiliza\u00e7\u00e3o (incluindo o mero acesso) das p\u00e1ginas da web, membros do website familybiscuits.com, incluindo os conte\u00fados e servi\u00e7os disponibilizados nas mesmas. Qualquer pessoa que aceda ao website familybiscuits.com (\u201cUtilizador\u201d) aceita ficar vinculado \u00e0s Condi\u00e7\u00f5es Gerais em vigor em cada momento no website familybiscuits.com.<\/p>\n<h3>DADOS PESSOAIS QUE RECOLHEMOS E COMO OS RECOLHEMOS<\/h3>\n<p>Ler a <span style=\"text-decoration: underline;\"><a href=\"https:\/\/familybiscuits.pt\/es\/politica-de-privacidade\/\">Pol\u00edtica de Privacidade<\/a><\/span><\/p>\n\n<h3 class=\"wp-block-heading\">COMPROMISSOS E OBRIGA\u00c7\u00d5ES DOS UTILIZADORES<\/h3>\n<p>O Utilizador \u00e9 informado, e aceita, que o acesso ao presente site n\u00e3o sup\u00f5e, de forma alguma, o in\u00edcio de uma rela\u00e7\u00e3o comercial com familybiscuits.com. Desta forma, o utilizador compromete-se a utilizar a p\u00e1gina web, os seus servi\u00e7os e conte\u00fados sem infringir a legisla\u00e7\u00e3o vigente, a boa f\u00e9 e a ordem p\u00fablica.<br \/>\u00c9 proibida a utiliza\u00e7\u00e3o do s\u00edtio Web para fins il\u00edcitos ou prejudiciais, ou de qualquer forma que possa causar danos ou impedir o normal funcionamento do s\u00edtio Web. Relativamente aos conte\u00fados deste s\u00edtio Web, \u00e9 proibido: A sua reprodu\u00e7\u00e3o, distribui\u00e7\u00e3o ou modifica\u00e7\u00e3o, total ou parcial, exceto se autorizada pelos seus leg\u00edtimos propriet\u00e1rios; Qualquer viola\u00e7\u00e3o dos direitos do fornecedor ou dos leg\u00edtimos propriet\u00e1rios; A sua utiliza\u00e7\u00e3o para fins comerciais ou publicit\u00e1rios.<\/p>\n<p>Na utiliza\u00e7\u00e3o do website, familybiscuits.com, o Utilizador compromete-se a n\u00e3o levar a cabo qualquer conduta que possa prejudicar a imagem, interesses e direitos de familybiscuits.com ou de terceiros ou que possa danificar, inutilizar ou sobrecarregar o portal (indicar dom\u00ednio) ou que possa impedir, de qualquer forma, a normal utiliza\u00e7\u00e3o do website. N\u00e3o obstante, o Utilizador deve estar consciente de que as medidas de seguran\u00e7a dos sistemas inform\u00e1ticos na Internet n\u00e3o s\u00e3o totalmente fi\u00e1veis e que, por isso, a familybiscuits.com n\u00e3o pode garantir a inexist\u00eancia de v\u00edrus ou outros elementos que possam provocar altera\u00e7\u00f5es nos sistemas inform\u00e1ticos (software e hardware) do Utilizador ou nos seus documentos electr\u00f3nicos e ficheiros neles contidos.<\/p>\n\n<h3 class=\"wp-block-heading\">MEDIDAS DE SEGURAN\u00c7A<\/h3>\n<p>Os dados pessoais comunicados pelo utilizador a familybiscuits.com podem ser armazenados em bases de dados automatizadas ou n\u00e3o, cuja titularidade corresponde exclusivamente a familybiscuits.com, assumindo esta todas as medidas de car\u00e1cter t\u00e9cnico, organizativo e de seguran\u00e7a que garantam a confidencialidade, integridade e qualidade da informa\u00e7\u00e3o contida nas mesmas de acordo com o estabelecido na normativa vigente em mat\u00e9ria de prote\u00e7\u00e3o de dados.<br \/>A comunica\u00e7\u00e3o entre os utilizadores e familybiscuits.com utiliza um canal seguro, e os dados transmitidos s\u00e3o encriptados gra\u00e7as aos protocolos https, portanto, garantimos as melhores condi\u00e7\u00f5es de seguran\u00e7a para que a confidencialidade dos utilizadores seja garantida.<\/p>\n\n<h3 class=\"wp-block-heading\">RECLAMA\u00c7\u00d5ES<\/h3>\n<p>familybiscuits.com informa que existem formul\u00e1rios de reclama\u00e7\u00e3o \u00e0 disposi\u00e7\u00e3o dos utilizadores e clientes. O Utilizador pode apresentar uma reclama\u00e7\u00e3o solicitando um formul\u00e1rio de reclama\u00e7\u00e3o ou enviando um e-mail para <a href=\"mailto:fgullon@familybiscuits.com\"><span style=\"text-decoration: underline;\">fgullon@familybiscuits.com<\/span><\/a> indicando o seu nome e apelido, o servi\u00e7o e\/ou produto adquirido e indicando os motivos da reclama\u00e7\u00e3o.<\/p>\n<p>O utilizador\/comprador pode notificar-nos da reclama\u00e7\u00e3o, quer por correio eletr\u00f3nico para: <span style=\"text-decoration: underline;\"><a href=\"mailto:fgullon@familybiscuits.com\">fgullon@familybiscuits.com<\/a><\/span>, quer anexando o seguinte formul\u00e1rio de reclama\u00e7\u00e3o: O servi\u00e7o\/produto: Adquirido em: Nome do utilizador: Endere\u00e7o do utilizador: Assinatura do utilizador (apenas se apresentado em papel): Data: Motivo da reclama\u00e7\u00e3o:<\/p>\n\n<p>PLATAFORMA DE RESOLU\u00c7\u00c3O DE LIT\u00cdGIOS<\/p>\n<p>Caso seja do seu interesse, pode tamb\u00e9m utilizar a plataforma de resolu\u00e7\u00e3o de lit\u00edgios disponibilizada pela Comiss\u00e3o Europeia para apresentar as suas queixas, que est\u00e1 dispon\u00edvel na seguinte liga\u00e7\u00e3o: <span style=\"text-decoration: underline;\"><a href=\"https:\/\/ec.europa.eu\/consumers\/odr\/main\/index.cfm?event=main.home2.show&amp;lng=PT\">http:\/\/ec.europa.eu\/consumers\/odr\/<\/a><\/span><\/p>\n\n<h3 class=\"wp-block-heading\">DIREITOS DE PROPRIEDADE INTELECTUAL E INDUSTRIAL<\/h3>\n<p>Em conformidade com as disposi\u00e7\u00f5es dos artigos 8 e 32.1, segundo par\u00e1grafo, da Lei de Propriedade Intelectual, a reprodu\u00e7\u00e3o, distribui\u00e7\u00e3o e comunica\u00e7\u00e3o p\u00fablica, incluindo a sua modalidade de disponibiliza\u00e7\u00e3o, de todo ou parte do conte\u00fado desta p\u00e1gina web, para fins comerciais, em qualquer suporte e por qualquer meio t\u00e9cnico, sem a autoriza\u00e7\u00e3o da familybiscuits.com, s\u00e3o expressamente proibidas. O utilizador compromete-se a respeitar os direitos de Propriedade Intelectual e Industrial da familybiscuits.com.<br \/>O utilizador conhece e aceita que toda a p\u00e1gina web, incluindo mas n\u00e3o se limitando ao texto, software, conte\u00fados (incluindo a estrutura, sele\u00e7\u00e3o, disposi\u00e7\u00e3o e apresenta\u00e7\u00e3o dos mesmos), podcasts, fotografias, material audiovisual e gr\u00e1ficos, est\u00e1 protegida por marcas, direitos de autor e outros direitos leg\u00edtimos, de acordo com os tratados internacionais de que Espanha \u00e9 parte e outros direitos de propriedade e leis de Espanha. No caso de um utilizador ou terceiro considerar que houve uma viola\u00e7\u00e3o dos seus leg\u00edtimos direitos de propriedade intelectual pela introdu\u00e7\u00e3o de determinados conte\u00fados na p\u00e1gina web, dever\u00e1 notificar esta circunst\u00e2ncia a familybiscuits.com indicando:<\/p>\n\n<ul class=\"wp-block-list\">\n<li>Dados pessoais do interessado que \u00e9 o titular dos direitos alegadamente infringidos, ou indicar a representa\u00e7\u00e3o com que actua no caso de a reclama\u00e7\u00e3o ser apresentada por um terceiro que n\u00e3o o interessado.<\/li>\n<li>Indica\u00e7\u00e3o dos conte\u00fados protegidos por direitos de propriedade intelectual e sua localiza\u00e7\u00e3o no s\u00edtio Web, acredita\u00e7\u00e3o dos direitos de propriedade intelectual indicados e declara\u00e7\u00e3o expressa em que o interessado se responsabiliza pela veracidade das informa\u00e7\u00f5es fornecidas na notifica\u00e7\u00e3o.<\/li>\n<\/ul>\n\n<h3 class=\"wp-block-heading\">LIGA\u00c7\u00d5ES EXTERNAS<\/h3>\n<p>As p\u00e1ginas do site familybiscuits.com, podem fornecer links para outros sites e conte\u00fados que s\u00e3o propriedade de terceiros. O \u00fanico objetivo dos links \u00e9 fornecer ao utilizador a possibilidade de aceder a esses links. familybiscuits.com n\u00e3o \u00e9 respons\u00e1vel em qualquer caso pelos resultados que podem ser obtidos pelo utilizador atrav\u00e9s do acesso a esses links.<br \/>Al\u00e9m disso, o utilizador encontrar\u00e1 dentro deste site, p\u00e1ginas, promo\u00e7\u00f5es, programas de afiliados que acedem aos h\u00e1bitos de navega\u00e7\u00e3o dos utilizadores para estabelecer perfis. Estas informa\u00e7\u00f5es s\u00e3o sempre an\u00f3nimas e n\u00e3o identificam o utilizador.<\/p>\n<p>As informa\u00e7\u00f5es fornecidas nesses sites patrocinados ou links afiliados est\u00e3o sujeitas \u00e0s pol\u00edticas de privacidade utilizadas nesses sites e n\u00e3o estar\u00e3o sujeitas a esta pol\u00edtica de privacidade. Aconselhamos vivamente os Utilizadores a analisarem cuidadosamente as pol\u00edticas de privacidade das liga\u00e7\u00f5es de afiliados.<br \/>O Utilizador que pretenda estabelecer qualquer liga\u00e7\u00e3o t\u00e9cnica do seu site para o portal familybiscuits.com deve obter autoriza\u00e7\u00e3o pr\u00e9via por escrito da familybiscuits.com O estabelecimento da liga\u00e7\u00e3o n\u00e3o implica em caso algum a exist\u00eancia de uma rela\u00e7\u00e3o entre familybiscuits.com e o propriet\u00e1rio do site onde a liga\u00e7\u00e3o \u00e9 estabelecida, nem a aceita\u00e7\u00e3o ou aprova\u00e7\u00e3o pela familybiscuits.com dos seus conte\u00fados ou servi\u00e7os.<\/p>\n\n<h3 class=\"wp-block-heading\">POL\u00cdTICA DE COMENT\u00c1RIOS<\/h3>\n<p>No nosso s\u00edtio Web, s\u00e3o permitidos coment\u00e1rios com o objetivo de enriquecer os conte\u00fados e fazer perguntas. N\u00e3o ser\u00e3o aceites coment\u00e1rios que n\u00e3o estejam relacionados com o tema deste s\u00edtio Web, que incluam difama\u00e7\u00e3o, insultos, inj\u00farias, ataques pessoais ou desrespeito em geral para com o autor ou outros membros. Os coment\u00e1rios que contenham informa\u00e7\u00f5es obviamente enganadoras ou falsas tamb\u00e9m ser\u00e3o eliminados, bem como os coment\u00e1rios que contenham informa\u00e7\u00f5es pessoais, como endere\u00e7os privados ou n\u00fameros de telefone, e que violem a nossa pol\u00edtica de prote\u00e7\u00e3o de dados.<br \/>Os coment\u00e1rios criados exclusivamente para fins promocionais de um s\u00edtio Web, pessoa ou grupo, bem como tudo o que possa ser considerado spam em geral, tamb\u00e9m n\u00e3o ser\u00e3o permitidos.<br \/>N\u00e3o ser\u00e3o permitidos coment\u00e1rios an\u00f3nimos ou feitos pela mesma pessoa com alcunhas diferentes. Os coment\u00e1rios que tentem for\u00e7ar um debate ou uma tomada de posi\u00e7\u00e3o de outro utilizador n\u00e3o ser\u00e3o considerados.<\/p>\n\n<h3 class=\"wp-block-heading\">ISEN\u00c7\u00c3O DE GARANTIAS E DE RESPONSABILIDADE<\/h3>\n<p>O Prestador n\u00e3o concede qualquer garantia e n\u00e3o ser\u00e1 respons\u00e1vel, em caso algum, por danos de qualquer natureza que possam ser causados por:<\/p>\n<ul>\n<li>A falta de disponibilidade, manuten\u00e7\u00e3o e funcionamento efetivo do s\u00edtio Web, ou dos seus servi\u00e7os e conte\u00fados;<br \/>A exist\u00eancia de v\u00edrus, programas maliciosos ou prejudiciais nos conte\u00fados;<\/li>\n<li>A utiliza\u00e7\u00e3o il\u00edcita, negligente, fraudulenta ou contr\u00e1ria ao presente Aviso Legal;<\/li>\n<li>A falta de legalidade, qualidade, fiabilidade, utilidade e disponibilidade dos servi\u00e7os prestados por terceiros e colocados \u00e0 disposi\u00e7\u00e3o dos utilizadores no s\u00edtio Web.<\/li>\n<li>O prestador n\u00e3o ser\u00e1 respons\u00e1vel, em caso algum, pelos danos e preju\u00edzos que possam resultar da utiliza\u00e7\u00e3o ilegal ou indevida deste s\u00edtio Web.<\/li>\n<\/ul>\n<ul class=\"wp-block-list\"><\/ul>\n<!-- \/wp:list --><!-- wp:heading {\"level\":3} -->\n<h3>LEI APLIC\u00c1VEL E JURISDI\u00c7\u00c3O<\/h3>\n<p>Com car\u00e1cter geral, as rela\u00e7\u00f5es entre familybiscuits.com e os Utilizadores dos seus servi\u00e7os telem\u00e1ticos, presentes neste site, est\u00e3o submetidas \u00e0 legisla\u00e7\u00e3o e jurisdi\u00e7\u00e3o espanholas e aos tribunais.<\/p>\n<h3>CONTACTO<\/h3>\n<p>No caso de qualquer Utilizador ter alguma d\u00favida sobre estas Condi\u00e7\u00f5es Legais ou qualquer coment\u00e1rio sobre o portal familybiscuits.com, por favor contacte-nos em <a href=\"mailto:fgullon@familybiscuits.com\"><span style=\"text-decoration: underline;\">fgullon@familybiscuits.com<\/span><\/a>.<\/p>\n<p>Em nome da equipa de F\u00e9lix Gull\u00f3n, agradecemos a leitura deste Aviso Legal.<\/p>\n<!-- \/wp:paragraph -->\t\t\t\t\t\t\t\t<\/div>\n\t\t\t\t<\/div>\n\t\t\t\t<div class=\"elementor-element elementor-element-a9b176e elementor-widget elementor-widget-spacer\" data-id=\"a9b176e\" data-element_type=\"widget\" data-e-type=\"widget\" data-widget_type=\"spacer.default\">\n\t\t\t\t<div class=\"elementor-widget-container\">\n\t\t\t\t\t\t\t<div class=\"elementor-spacer\">\n\t\t\t<div class=\"elementor-spacer-inner\"><\/div>\n\t\t<\/div>\n\t\t\t\t\t\t<\/div>\n\t\t\t\t<\/div>\n\t\t\t\t\t<\/div>\n\t\t\t\t<\/div>\n\t\t\t\t<\/div>","protected":false},"excerpt":{"rendered":"<p>Advert\u00eancia jur\u00eddica e condi\u00e7\u00f5es de utiliza\u00e7\u00e3o Neste espa\u00e7o, o UTILIZADOR poder\u00e1 encontrar todas as informa\u00e7\u00f5es relativas aos termos e condi\u00e7\u00f5es [&hellip;]<\/p>","protected":false},"author":1,"featured_media":0,"parent":0,"menu_order":0,"comment_status":"closed","ping_status":"closed","template":"","meta":{"_seopress_robots_primary_cat":"","_seopress_titles_title":"%%post_title%% %%sep%% %%sitetitle%%","_seopress_titles_desc":"Bolachas Family Biscuits fornece o seu Aviso Legal para informar sobre as condi\u00e7\u00f5es legais da rela\u00e7\u00e3o entre o utilizador e a pessoa respons\u00e1vel pelo website.","_seopress_robots_index":"","_monsterinsights_skip_tracking":false,"_monsterinsights_sitenote_active":false,"_monsterinsights_sitenote_note":"","_monsterinsights_sitenote_category":0,"site-sidebar-layout":"default","site-content-layout":"","ast-site-content-layout":"","site-content-style":"default","site-sidebar-style":"default","ast-global-header-display":"","ast-banner-title-visibility":"","ast-main-header-display":"","ast-hfb-above-header-display":"","ast-hfb-below-header-display":"","ast-hfb-mobile-header-display":"","site-post-title":"","ast-breadcrumbs-content":"","ast-featured-img":"","footer-sml-layout":"","ast-disable-related-posts":"","theme-transparent-header-meta":"","adv-header-id-meta":"","stick-header-meta":"","header-above-stick-meta":"","header-main-stick-meta":"","header-below-stick-meta":"","astra-migrate-meta-layouts":"default","ast-page-background-enabled":"default","ast-page-background-meta":{"desktop":{"background-color":"var(--ast-global-color-4)","background-image":"","background-repeat":"repeat","background-position":"center center","background-size":"auto","background-attachment":"scroll","background-type":"","background-media":"","overlay-type":"","overlay-color":"","overlay-opacity":"","overlay-gradient":""},"tablet":{"background-color":"","background-image":"","background-repeat":"repeat","background-position":"center center","background-size":"auto","background-attachment":"scroll","background-type":"","background-media":"","overlay-type":"","overlay-color":"","overlay-opacity":"","overlay-gradient":""},"mobile":{"background-color":"","background-image":"","background-repeat":"repeat","background-position":"center center","background-size":"auto","background-attachment":"scroll","background-type":"","background-media":"","overlay-type":"","overlay-color":"","overlay-opacity":"","overlay-gradient":""}},"ast-content-background-meta":{"desktop":{"background-color":"var(--ast-global-color-5)","background-image":"","background-repeat":"repeat","background-position":"center center","background-size":"auto","background-attachment":"scroll","background-type":"","background-media":"","overlay-type":"","overlay-color":"","overlay-opacity":"","overlay-gradient":""},"tablet":{"background-color":"var(--ast-global-color-5)","background-image":"","background-repeat":"repeat","background-position":"center center","background-size":"auto","background-attachment":"scroll","background-type":"","background-media":"","overlay-type":"","overlay-color":"","overlay-opacity":"","overlay-gradient":""},"mobile":{"background-color":"var(--ast-global-color-5)","background-image":"","background-repeat":"repeat","background-position":"center center","background-size":"auto","background-attachment":"scroll","background-type":"","background-media":"","overlay-type":"","overlay-color":"","overlay-opacity":"","overlay-gradient":""}},"footnotes":""},"class_list":["post-2","page","type-page","status-publish","hentry"],"_links":{"self":[{"href":"https:\/\/familybiscuits.pt\/es\/wp-json\/wp\/v2\/pages\/2","targetHints":{"allow":["GET"]}}],"collection":[{"href":"https:\/\/familybiscuits.pt\/es\/wp-json\/wp\/v2\/pages"}],"about":[{"href":"https:\/\/familybiscuits.pt\/es\/wp-json\/wp\/v2\/types\/page"}],"author":[{"embeddable":true,"href":"https:\/\/familybiscuits.pt\/es\/wp-json\/wp\/v2\/users\/1"}],"replies":[{"embeddable":true,"href":"https:\/\/familybiscuits.pt\/es\/wp-json\/wp\/v2\/comments?post=2"}],"version-history":[{"count":26,"href":"https:\/\/familybiscuits.pt\/es\/wp-json\/wp\/v2\/pages\/2\/revisions"}],"predecessor-version":[{"id":736,"href":"https:\/\/familybiscuits.pt\/es\/wp-json\/wp\/v2\/pages\/2\/revisions\/736"}],"wp:attachment":[{"href":"https:\/\/familybiscuits.pt\/es\/wp-json\/wp\/v2\/media?parent=2"}],"curies":[{"name":"wp","href":"https:\/\/api.w.org\/{rel}","templated":true}]}}