{"id":3,"date":"2024-08-05T13:05:53","date_gmt":"2024-08-05T13:05:53","guid":{"rendered":"http:\/\/familybiscuits.pt\/?page_id=3"},"modified":"2025-04-07T08:02:16","modified_gmt":"2025-04-07T08:02:16","slug":"politica-de-privacidade","status":"publish","type":"page","link":"https:\/\/familybiscuits.pt\/es\/politica-de-privacidade\/","title":{"rendered":"Pol\u00edtica de privacidade"},"content":{"rendered":"<div data-elementor-type=\"wp-page\" data-elementor-id=\"3\" class=\"elementor elementor-3\">\n\t\t\t\t<div class=\"elementor-element elementor-element-14546f11 e-flex e-con-boxed e-con e-parent\" data-id=\"14546f11\" data-element_type=\"container\" data-e-type=\"container\">\n\t\t\t\t\t<div class=\"e-con-inner\">\n\t\t\t\t<div class=\"elementor-element elementor-element-1e8ada4 elementor-widget elementor-widget-heading\" data-id=\"1e8ada4\" data-element_type=\"widget\" data-e-type=\"widget\" data-widget_type=\"heading.default\">\n\t\t\t\t<div class=\"elementor-widget-container\">\n\t\t\t\t\t<h1 class=\"elementor-heading-title elementor-size-default\">Pol\u00edtica de privacidade<\/h1>\t\t\t\t<\/div>\n\t\t\t\t<\/div>\n\t\t\t\t<div class=\"elementor-element elementor-element-e11eabc elementor-widget elementor-widget-text-editor\" data-id=\"e11eabc\" data-element_type=\"widget\" data-e-type=\"widget\" data-widget_type=\"text-editor.default\">\n\t\t\t\t<div class=\"elementor-widget-container\">\n\t\t\t\t\t\t\t\t\t\n<p>Esta Pol\u00edtica de Privacidade estabelece os termos em que a Family Biscuits utiliza e protege a informa\u00e7\u00e3o que o utilizador fornece \u00e0 Family Biscuits quando utiliza este website. Esta empresa est\u00e1 empenhada na seguran\u00e7a dos dados dos seus utilizadores. Quando pedimos ao utilizador que preencha informa\u00e7\u00f5es pessoais atrav\u00e9s das quais possa ser identificado, fazemo-lo com a garantia de que as mesmas s\u00f3 ser\u00e3o utilizadas de acordo com os termos deste documento. No entanto, esta Pol\u00edtica de Privacidade pode mudar com o tempo ou ser actualizada e encorajamo-lo a rever continuamente esta p\u00e1gina para garantir que est\u00e1 satisfeito com quaisquer altera\u00e7\u00f5es.<\/p>\n<p><strong>Informa\u00e7\u00f5es recolhidas<\/strong><\/p>\n<p>O nosso s\u00edtio Web pode recolher informa\u00e7\u00f5es pessoais, como o nome, informa\u00e7\u00f5es de contacto, como o seu endere\u00e7o de correio eletr\u00f3nico e informa\u00e7\u00f5es demogr\u00e1ficas. Al\u00e9m disso, quando necess\u00e1rio, podem ser solicitadas informa\u00e7\u00f5es espec\u00edficas para processar uma encomenda ou efetuar uma entrega ou fatura\u00e7\u00e3o.<\/p>\n\n<p><strong>Utiliza\u00e7\u00e3o das informa\u00e7\u00f5es recolhidas<\/strong><\/p>\n<p>O nosso s\u00edtio Web utiliza as informa\u00e7\u00f5es para prestar o melhor servi\u00e7o poss\u00edvel, nomeadamente para acompanhar os utilizadores, para acompanhar as encomendas, quando aplic\u00e1vel, e para melhorar os nossos produtos e servi\u00e7os. Podemos enviar periodicamente e-mails atrav\u00e9s do nosso site com ofertas especiais, novos produtos e outras informa\u00e7\u00f5es de marketing que pensamos que podem ser relevantes para o utilizador ou que podem ser ben\u00e9ficas para si, estes e-mails ser\u00e3o enviados para o endere\u00e7o que fornecer e podem ser cancelados a qualquer momento.<\/p>\n<p>A Family Biscuits est\u00e1 altamente empenhada em cumprir o nosso compromisso de manter as suas informa\u00e7\u00f5es seguras. Usamos sistemas de \u00faltima gera\u00e7\u00e3o e actualizamo-los constantemente para garantir que n\u00e3o h\u00e1 acesso n\u00e3o autorizado.<\/p>\n\n<p><strong>Cookies<\/strong><\/p>\n<p>Um cookie refere-se a um ficheiro que \u00e9 enviado com o objetivo de pedir permiss\u00e3o para ser armazenado no seu computador, quando aceita este ficheiro \u00e9 criado e o cookie \u00e9 ent\u00e3o utilizado para ter informa\u00e7\u00e3o relativa ao tr\u00e1fego da web, e tamb\u00e9m facilita futuras visitas a um website recorrente. Outra fun\u00e7\u00e3o dos cookies \u00e9 que, com eles, a Web pode reconhec\u00ea-lo individualmente e, assim, prestar-lhe o melhor servi\u00e7o personalizado no seu s\u00edtio Web.<\/p>\n<p>O nosso s\u00edtio Web utiliza cookies para identificar as p\u00e1ginas que s\u00e3o visitadas e com que frequ\u00eancia. Esta informa\u00e7\u00e3o \u00e9 utilizada apenas para an\u00e1lise estat\u00edstica e depois \u00e9 apagada permanentemente. Pode apagar os cookies do seu computador em qualquer altura. No entanto, os cookies ajudam a fornecer um melhor servi\u00e7o a partir dos s\u00edtios Web, n\u00e3o d\u00e3o acesso a informa\u00e7\u00f5es sobre o seu computador ou sobre si, a menos que opte por fornec\u00ea-las diretamente. Pode aceitar ou recusar a utiliza\u00e7\u00e3o de cookies, mas a maioria dos navegadores aceita automaticamente os cookies para prestar um melhor servi\u00e7o Web. Tamb\u00e9m pode alterar as defini\u00e7\u00f5es do seu computador para recusar os cookies. Se recusar os cookies, poder\u00e1 n\u00e3o conseguir utilizar alguns dos nossos servi\u00e7os.<\/p>\n\n<p><strong>Liga\u00e7\u00f5es a terceiros<\/strong><\/p>\n<p>Este s\u00edtio Web pode conter liga\u00e7\u00f5es a outros s\u00edtios Web que podem ser do seu interesse. Quando clica nessas liga\u00e7\u00f5es e sai do nosso s\u00edtio, deixamos de ter controlo sobre o s\u00edtio para o qual \u00e9 redireccionado e, por conseguinte, n\u00e3o somos respons\u00e1veis pelos termos ou pr\u00e1ticas de privacidade ou de prote\u00e7\u00e3o de dados desses s\u00edtios de terceiros. Estes s\u00edtios est\u00e3o sujeitos \u00e0s suas pr\u00f3prias pol\u00edticas de privacidade e o utilizador deve verific\u00e1-las para se certificar de que est\u00e1 satisfeito com elas.<\/p>\n\n<p><strong>Controlo das informa\u00e7\u00f5es pessoais do utilizador<\/strong><\/p>\n<p>O utilizador pode, a qualquer momento, restringir a recolha ou utiliza\u00e7\u00e3o das informa\u00e7\u00f5es pessoais fornecidas ao nosso s\u00edtio Web. Sempre que lhe for pedido para preencher um formul\u00e1rio, como um formul\u00e1rio de registo, pode marcar ou desmarcar a op\u00e7\u00e3o de receber informa\u00e7\u00f5es por correio eletr\u00f3nico. Caso tenha assinalado a op\u00e7\u00e3o de receber a nossa newsletter ou publicidade, pode cancel\u00e1-la em qualquer altura.<\/p>\n<p>Esta empresa n\u00e3o vender\u00e1, ceder\u00e1 ou distribuir\u00e1 as informa\u00e7\u00f5es pessoais recolhidas sem o seu consentimento, exceto se for obrigada a faz\u00ea-lo por ordem judicial.<\/p>\n<p>A Family Biscuits reserva-se o direito de alterar os termos desta Pol\u00edtica de Privacidade em qualquer altura.<\/p>\n\t\t\t\t\t\t\t\t<\/div>\n\t\t\t\t<\/div>\n\t\t\t\t<div class=\"elementor-element elementor-element-778a85a elementor-widget elementor-widget-spacer\" data-id=\"778a85a\" data-element_type=\"widget\" data-e-type=\"widget\" data-widget_type=\"spacer.default\">\n\t\t\t\t<div class=\"elementor-widget-container\">\n\t\t\t\t\t\t\t<div class=\"elementor-spacer\">\n\t\t\t<div class=\"elementor-spacer-inner\"><\/div>\n\t\t<\/div>\n\t\t\t\t\t\t<\/div>\n\t\t\t\t<\/div>\n\t\t\t\t\t<\/div>\n\t\t\t\t<\/div>\n\t\t\t\t<\/div>","protected":false},"excerpt":{"rendered":"<p>Pol\u00edtica de privacidade Esta Pol\u00edtica de Privacidade estabelece os termos em que a Family Biscuits utiliza e protege a informa\u00e7\u00e3o [&hellip;]<\/p>","protected":false},"author":1,"featured_media":0,"parent":0,"menu_order":0,"comment_status":"closed","ping_status":"closed","template":"","meta":{"_seopress_robots_primary_cat":"","_seopress_titles_title":"%%post_title%% %%sep%% %%sitetitle%%","_seopress_titles_desc":"Family Biscuits bolachas de aveia disponibiliza a sua Pol\u00edtica de Privacidade para informar sobre o tratamento de dados pessoais no seu s\u00edtio Web.","_seopress_robots_index":"","_monsterinsights_skip_tracking":false,"_monsterinsights_sitenote_active":false,"_monsterinsights_sitenote_note":"","_monsterinsights_sitenote_category":0,"site-sidebar-layout":"default","site-content-layout":"","ast-site-content-layout":"","site-content-style":"default","site-sidebar-style":"default","ast-global-header-display":"","ast-banner-title-visibility":"","ast-main-header-display":"","ast-hfb-above-header-display":"","ast-hfb-below-header-display":"","ast-hfb-mobile-header-display":"","site-post-title":"","ast-breadcrumbs-content":"","ast-featured-img":"","footer-sml-layout":"","ast-disable-related-posts":"","theme-transparent-header-meta":"","adv-header-id-meta":"","stick-header-meta":"","header-above-stick-meta":"","header-main-stick-meta":"","header-below-stick-meta":"","astra-migrate-meta-layouts":"default","ast-page-background-enabled":"default","ast-page-background-meta":{"desktop":{"background-color":"var(--ast-global-color-4)","background-image":"","background-repeat":"repeat","background-position":"center center","background-size":"auto","background-attachment":"scroll","background-type":"","background-media":"","overlay-type":"","overlay-color":"","overlay-opacity":"","overlay-gradient":""},"tablet":{"background-color":"","background-image":"","background-repeat":"repeat","background-position":"center center","background-size":"auto","background-attachment":"scroll","background-type":"","background-media":"","overlay-type":"","overlay-color":"","overlay-opacity":"","overlay-gradient":""},"mobile":{"background-color":"","background-image":"","background-repeat":"repeat","background-position":"center center","background-size":"auto","background-attachment":"scroll","background-type":"","background-media":"","overlay-type":"","overlay-color":"","overlay-opacity":"","overlay-gradient":""}},"ast-content-background-meta":{"desktop":{"background-color":"var(--ast-global-color-5)","background-image":"","background-repeat":"repeat","background-position":"center center","background-size":"auto","background-attachment":"scroll","background-type":"","background-media":"","overlay-type":"","overlay-color":"","overlay-opacity":"","overlay-gradient":""},"tablet":{"background-color":"var(--ast-global-color-5)","background-image":"","background-repeat":"repeat","background-position":"center center","background-size":"auto","background-attachment":"scroll","background-type":"","background-media":"","overlay-type":"","overlay-color":"","overlay-opacity":"","overlay-gradient":""},"mobile":{"background-color":"var(--ast-global-color-5)","background-image":"","background-repeat":"repeat","background-position":"center center","background-size":"auto","background-attachment":"scroll","background-type":"","background-media":"","overlay-type":"","overlay-color":"","overlay-opacity":"","overlay-gradient":""}},"footnotes":""},"class_list":["post-3","page","type-page","status-publish","hentry"],"_links":{"self":[{"href":"https:\/\/familybiscuits.pt\/es\/wp-json\/wp\/v2\/pages\/3","targetHints":{"allow":["GET"]}}],"collection":[{"href":"https:\/\/familybiscuits.pt\/es\/wp-json\/wp\/v2\/pages"}],"about":[{"href":"https:\/\/familybiscuits.pt\/es\/wp-json\/wp\/v2\/types\/page"}],"author":[{"embeddable":true,"href":"https:\/\/familybiscuits.pt\/es\/wp-json\/wp\/v2\/users\/1"}],"replies":[{"embeddable":true,"href":"https:\/\/familybiscuits.pt\/es\/wp-json\/wp\/v2\/comments?post=3"}],"version-history":[{"count":18,"href":"https:\/\/familybiscuits.pt\/es\/wp-json\/wp\/v2\/pages\/3\/revisions"}],"predecessor-version":[{"id":728,"href":"https:\/\/familybiscuits.pt\/es\/wp-json\/wp\/v2\/pages\/3\/revisions\/728"}],"wp:attachment":[{"href":"https:\/\/familybiscuits.pt\/es\/wp-json\/wp\/v2\/media?parent=3"}],"curies":[{"name":"wp","href":"https:\/\/api.w.org\/{rel}","templated":true}]}}